{"id":15,"date":"2026-05-01T20:10:53","date_gmt":"2026-05-01T20:10:53","guid":{"rendered":"https:\/\/vendor.meetlab.hu\/?page_id=15"},"modified":"2026-05-01T20:10:53","modified_gmt":"2026-05-01T20:10:53","slug":"vendor-onboarding","status":"publish","type":"page","link":"https:\/\/vendor.meetlab.hu\/?page_id=15","title":{"rendered":"Vendor Onboarding"},"content":{"rendered":"\n<div class=\"dokan-vendor-onboarding\">\n    <div class=\"dokan-onboarding-container\">\n        <!-- Login Section -->\n        <div class=\"dokan-login-section\">\n            <h2>Login<\/h2>\n            <form class=\"woocommerce-form woocommerce-form-login login\" method=\"post\" >\n\n\t\n\t\n\t<p class=\"form-row form-row-first\">\n\t\t<label for=\"username\">Felhaszn\u00e1l\u00f3n\u00e9v vagy e-mail c\u00edm&nbsp;<span class=\"required\" aria-hidden=\"true\">*<\/span><span class=\"screen-reader-text\">K\u00f6telez\u0151<\/span><\/label>\n\t\t<input type=\"text\" class=\"input-text\" name=\"username\" id=\"username\" autocomplete=\"username\" required aria-required=\"true\" \/>\n\t<\/p>\n\t<p class=\"form-row form-row-last\">\n\t\t<label for=\"password\">Jelsz\u00f3&nbsp;<span class=\"required\" aria-hidden=\"true\">*<\/span><span class=\"screen-reader-text\">K\u00f6telez\u0151<\/span><\/label>\n\t\t<input class=\"input-text woocommerce-Input\" type=\"password\" name=\"password\" id=\"password\" autocomplete=\"current-password\" required aria-required=\"true\" \/>\n\t<\/p>\n\t<div class=\"clear\"><\/div>\n\n\t\n\t<p class=\"form-row\">\n\t\t<label class=\"woocommerce-form__label woocommerce-form__label-for-checkbox woocommerce-form-login__rememberme\">\n\t\t\t<input class=\"woocommerce-form__input woocommerce-form__input-checkbox\" name=\"rememberme\" type=\"checkbox\" id=\"rememberme\" value=\"forever\" \/> <span>Eml\u00e9kezz r\u00e1m<\/span>\n\t\t<\/label>\n\t\t<input type=\"hidden\" id=\"woocommerce-login-nonce\" name=\"woocommerce-login-nonce\" value=\"cd2d22a0a4\" \/><input type=\"hidden\" name=\"_wp_http_referer\" value=\"\/index.php?rest_route=%2Fwp%2Fv2%2Fpages%2F15\" \/>\t\t<input type=\"hidden\" name=\"redirect\" value=\"https:\/\/vendor.meetlab.hu\/?page_id=10\" \/>\n\t\t<button type=\"submit\" class=\"woocommerce-button button woocommerce-form-login__submit wp-element-button\" name=\"login\" value=\"Bel\u00e9p\u00e9s\">Bel\u00e9p\u00e9s<\/button>\n\t<\/p>\n\t<p class=\"lost_password\">\n\t\t<a href=\"https:\/\/vendor.meetlab.hu\/?page_id=10&#038;lost-password\">Elfelejtett jelsz\u00f3?<\/a>\n\t<\/p>\n\n\t<div class=\"clear\"><\/div>\n\n\t\n<\/form>\n        <\/div>\n\n        <!-- Registration Section -->\n        <div class=\"dokan-registration-section\">\n            <h2>Registration<\/h2>\n            \n<form id=\"dokan-vendor-register\" method=\"post\" class=\"register dokan-vendor-register\">\n\n    \n    <div class=\"split-row name-field form-row-wide\">\n        <p class=\"form-row form-group\">\n            <label for=\"first-name\">First Name <span class=\"required\">*<\/span><\/label>\n            <input type=\"text\" class=\"input-text form-control\" name=\"fname\" id=\"first-name\" value=\"\" required=\"required\" \/>\n        <\/p>\n\n        <p class=\"form-row form-group\">\n            <label for=\"last-name\">Last Name <span class=\"required\">*<\/span><\/label>\n            <input type=\"text\" class=\"input-text form-control\" name=\"lname\" id=\"last-name\" value=\"\" required=\"required\" \/>\n        <\/p>\n    <\/div>\n\n    \n    <p class=\"form-row form-group form-row-wide\">\n        <label for=\"reg_email\">Email address <span class=\"required\">*<\/span><\/label>\n        <input type=\"email\" class=\"input-text form-control\" name=\"email\" id=\"reg_email\" value=\"\" required=\"required\" \/>\n        <label class=\"reg_email_error\"><\/label>\n                <small>A link to set a new password will be sent to your email address.<\/small>\n            <\/p>\n\n    <p class=\"form-row form-group form-row-wide\">\n        <label for=\"shop-phone\">Phone Number<span class=\"required\">*<\/span><\/label>\n        <input type=\"text\" class=\"input-text form-control\" name=\"phone\" id=\"shop-phone\" value=\"\" required=\"required\" \/>\n        <input type=\"hidden\" name=\"role\" value=\"seller\">\n    <\/p>\n\n    \n    <!-- Spam Trap -->\n    <div style=\"left:-999em; position:absolute;\"><label for=\"trap\">Anti-spam<\/label><input type=\"text\" name=\"email_2\" id=\"trap\" tabindex=\"-1\" \/><\/div>\n\n    <p class=\"form-row form-group form-row-wide\">\n        <label for=\"company-name\">Shop Name <span class=\"required\">*<\/span><\/label>\n        <input type=\"text\" class=\"input-text form-control\" name=\"shopname\" id=\"company-name\" value=\"\" required=\"required\" \/>\n    <\/p>\n\n    <p class=\"form-row form-group form-row-wide\">\n        <label for=\"seller-url\" class=\"pull-left\">Shop URL <span class=\"required\">*<\/span><\/label>\n        <strong id=\"url-alart-mgs\" class=\"pull-right\"><\/strong>\n        <input type=\"text\" class=\"input-text form-control\" name=\"shopurl\" id=\"seller-url\" value=\"\" required=\"required\" \/>\n        <small>https:\/\/vendor.meetlab.hu\/bolt\/<strong id=\"url-alart\"><\/strong><\/small>\n    <\/p>\n\n                        <p class=\"form-row form-group\">\n                <label for=\"dokan-company-name\">Company Name<\/label>\n                <input type=\"text\" class=\"input-text form-control\" name=\"dokan_company_name\" id=\"dokan-company-name\" value=\"\"\/>\n            <\/p>\n        \n                    <p class=\"form-row form-group\">\n                <label for=\"dokan-company-id-number\">Company ID\/EUID Number<\/label>\n                <input type=\"text\" class=\"input-text form-control\" name=\"dokan_company_id_number\" id=\"dokan-company-id-number\" value=\"\"\/>\n            <\/p>\n        \n                    <p class=\"form-row form-group form-row-wide\">\n                <label for=\"dokan-vat-number\">VAT \/ TAX ID<\/label>\n                <input type=\"text\" class=\"input-text form-control\" name=\"dokan_vat_number\" id=\"dokan-vat-number\" value=\"\"\/>\n            <\/p>\n        \n                    <div class=\"split-row name-field form-row-wide\">\n                <p class=\"form-row form-group\">\n                    <label for=\"dokan-bank-name\">Name of Bank<\/label>\n                    <input type=\"text\" class=\"input-text form-control\" name=\"dokan_bank_name\" id=\"dokan-bank-name\" value=\"\"\/>\n                <\/p>\n\n                <p class=\"form-row form-group\">\n                    <label for=\"dokan-bank-iban\">Account \/ IBAN<\/label>\n                    <input type=\"text\" class=\"input-text form-control\" name=\"dokan_bank_iban\" id=\"dokan-bank-iban\" value=\"\"\/>\n                <\/p>\n            <\/div>\n                \n    \n    \n    \n    \n    <p class=\"form-row\">\n        <input type=\"hidden\" id=\"woocommerce-register-nonce\" name=\"woocommerce-register-nonce\" value=\"90a1930c26\" \/><input type=\"hidden\" name=\"_wp_http_referer\" value=\"\/index.php?rest_route=%2Fwp%2Fv2%2Fpages%2F15\" \/>\n        <input type=\"submit\" class=\"woocommerce-Button woocommerce-button button\" name=\"register\" value=\"Register\" \/>\n    <\/p>\n\n    <\/form>\n        <\/div>\n    <\/div>\n<\/div>\n\n\n","protected":false},"excerpt":{"rendered":"","protected":false},"author":1,"featured_media":0,"parent":0,"menu_order":0,"comment_status":"closed","ping_status":"closed","template":"","meta":{"footnotes":""},"class_list":["post-15","page","type-page","status-publish","hentry"],"_links":{"self":[{"href":"https:\/\/vendor.meetlab.hu\/index.php?rest_route=\/wp\/v2\/pages\/15","targetHints":{"allow":["GET"]}}],"collection":[{"href":"https:\/\/vendor.meetlab.hu\/index.php?rest_route=\/wp\/v2\/pages"}],"about":[{"href":"https:\/\/vendor.meetlab.hu\/index.php?rest_route=\/wp\/v2\/types\/page"}],"author":[{"embeddable":true,"href":"https:\/\/vendor.meetlab.hu\/index.php?rest_route=\/wp\/v2\/users\/1"}],"replies":[{"embeddable":true,"href":"https:\/\/vendor.meetlab.hu\/index.php?rest_route=%2Fwp%2Fv2%2Fcomments&post=15"}],"version-history":[{"count":0,"href":"https:\/\/vendor.meetlab.hu\/index.php?rest_route=\/wp\/v2\/pages\/15\/revisions"}],"wp:attachment":[{"href":"https:\/\/vendor.meetlab.hu\/index.php?rest_route=%2Fwp%2Fv2%2Fmedia&parent=15"}],"curies":[{"name":"wp","href":"https:\/\/api.w.org\/{rel}","templated":true}]}}